{"id":10383,"date":"2021-09-15T17:20:11","date_gmt":"2021-09-15T17:20:11","guid":{"rendered":"https:\/\/landingtours.com.mx\/activities\/?page_id=10383"},"modified":"2024-12-10T23:15:45","modified_gmt":"2024-12-10T23:15:45","slug":"terminos-y-condiciones","status":"publish","type":"page","link":"https:\/\/landingtours.com.mx\/activities\/terminos-y-condiciones\/","title":{"rendered":"T\u00e9rminos y Condiciones"},"content":{"rendered":"<div class=\"wpb-content-wrapper\"><p>[vc_row][vc_column][vc_empty_space height=\u00bb60px\u00bb][\/vc_column][\/vc_row][vc_row][vc_column][vc_column_text]<strong>Condiciones de Compra<\/strong><\/p>\n<ul>\n<li>Los precios se encuentran en pesos mexicanos e incluyen I.V.A.<\/li>\n<li>Las im\u00e1genes, caracter\u00edsticas, especificaciones y precios son ilustrativos y pueden variar o cambiar sin previo aviso.<\/li>\n<li>Los precios publicados en la p\u00e1gina www.landingtours.com.mx\u2002pueden variar.<\/li>\n<li>Todos los productos que se ofrecen se encuentran sujetos a disponibilidad y hasta agotar existencias.<\/li>\n<\/ul>\n<p><strong>Inventarios y precios<\/strong><\/p>\n<p>Cambios en los inventarios y precios<\/p>\n<p>La disponibilidad de los productos, precios, marcas y modelos pueden variar de acuerdo a la oferta del momento dispuesta por Landing Tours.<\/p>\n<p>Todos los precios ya incluyen el Impuesto al Valor Agregado, el precio se\u00f1alado en la Oferta de Venta no es negociable, y ser\u00e1 debidamente respetado al \u201cUsuario\u201d.<\/p>\n<p><strong>Opciones de pago<\/strong><\/p>\n<p>M\u00e9todos de pago Aceptamos las siguientes formas de pago en \u00f3rdenes de landing.com.mx:<\/p>\n<ul>\n<li>Cualquier tarjeta de cr\u00e9dito o d\u00e9bito , ya sea Visa o Master Card,<\/li>\n<li>A trav\u00e9s de Paypal: Cualquier Tarjeta de cr\u00e9dito Visa o Master Card; Tarjetas de d\u00e9bito de Bancomer, Banamex, Banorte, HSBC, Santander. Consultar condiciones en\u00a0<a href=\"https:\/\/www.paypal.com\/mx\/\">https:\/\/www.paypal.com\/mx\/<\/a><\/li>\n<li>Todos los Pagos que se realicen a trav\u00e9s de tarjeta de cr\u00e9dito para diferir a meses sin intereses ser\u00e1n depositados por medio de Openpay.<\/li>\n<\/ul>\n<p><strong>Proceso de autorizaci\u00f3n<\/strong><\/p>\n<p>Cuando realizas una orden, Pagando con tarjeta de cr\u00e9dito a trav\u00e9s de Openpay (Motor de Pagos) autentifica la informaci\u00f3n de tu tarjeta, sin guardar ninguna informaci\u00f3n confidencial en el sitio. Openpay, valida la informaci\u00f3n con tu entidad financiera y as\u00ed puede aprobar o no aprobar la transacci\u00f3n.<\/p>\n<p><strong>Obtener copias de pedido<\/strong><\/p>\n<p>Compras en l\u00ednea Para \u00f3rdenes en landing.com.mx puedes obtener una copia de tu pedido en l\u00ednea: 1. Ve a Mi cuenta, y elige Ver \u00f3rdenes. 2. Da clic en el n\u00famero de la orden para ver el pedido que quieres imprimir. 3. Da clic en el bot\u00f3n Ver pedido de la orden e impr\u00edmelo.<\/p>\n<p>Garant\u00eda de precio bajo Landing Tours<\/p>\n<p><strong>Restricciones<\/strong><\/p>\n<p>La igualaci\u00f3n de precios solo es v\u00e1lida cuando el comparativo se da a precio regular por lo que no aplica o est\u00e1 sujeta a las siguientes restricciones:<\/p>\n<p>1. No incluye errores tipogr\u00e1ficos, ofertas, promociones<\/p>\n<p>2. El anuncio mostrado deber\u00e1 de estar fechado con un m\u00e1ximo de 30 d\u00edas posteriores a publicaci\u00f3n.<\/p>\n<p>3. S\u00f3lo aplica en publicaciones de comercio en M\u00e9xico y de la misma entidad federativa.<\/p>\n<p>4. No aplica para ofertas publicadas en sitios de venta exclusiva por Internet<\/p>\n<p>5. Ofertas de productos en promoci\u00f3n (descuentos en monto o porcentaje) o productos gratis ofrecidos por cualquier otro establecimiento ubicado dentro de la Rep\u00fablica Mexicana.<\/p>\n<p>6. Art\u00edculos de cantidad limitada<\/p>\n<p>7. Art\u00edculos que se vendan abiertos , de exhibici\u00f3n o re-manufacturados.<\/p>\n<p>8. Mercanc\u00eda en liquidaci\u00f3n<\/p>\n<p>9. Reembolsos\/incentivos por correo (reembolsos, bonificaciones o monederos electr\u00f3nicos).<\/p>\n<p>10. No aplica para Servicios Internacionales.<\/p>\n<p>11. No aplica para Alimentos y Bebidas.<\/p>\n<p>12. Precios regionales de telefon\u00eda celular de prepago ni planes tarifarios.<\/p>\n<p>13. Ofertas de financiamiento, promociones especiales o de paquetes<\/p>\n<p>14. Cotizaciones especiales para efectos de venta de mayoreo.<\/p>\n<p>15. Productos que Landing Tours vende con Entrega a Domicilio.<\/p>\n<p>16. La pol\u00edtica no aplica sobre precios que resulten de otra igualaci\u00f3n de precios.<\/p>\n<p>17. Est\u00e1 sujeta a la disponibilidad del producto<\/p>\n<p><strong>Facturaci\u00f3n<\/strong><\/p>\n<p>Para Facturaci\u00f3n deber\u00e1 enviar un correo a facturacion@landingtours.com.mx. La factura solicitada deber\u00e1 ser dentro del mes en curso en que realiz\u00f3 su compra. No proceder\u00e1n las solicitudes de facturas de compras de meses anteriores.<\/p>\n<p>Al solicitar su factura ser\u00e1 necesario que tenga a la mano y proporcione los siguientes requisitos Fiscales: RFC con Homo clave, Nombre completo o raz\u00f3n social, Domicilio Fiscal completo incluyendo calle, colonia, demarcaci\u00f3n o municipio, estado y c\u00f3digo postal, Deber\u00e1 proporcionar su e-mail donde le llegar\u00e1 su factura, en un plazo no mayor a 5 d\u00edas h\u00e1biles.<\/p>\n<div class=\"row mb20\">\n<div class=\"col-sm-9\">\n<div class=\"post-10273 page type-page status-publish has-post-thumbnail hentry\">\n<div class=\"entry-meta\"><\/div>\n<\/div>\n<\/div>\n<\/div>\n<p>[\/vc_column_text][\/vc_column][\/vc_row]<\/p>\n<\/div>","protected":false},"excerpt":{"rendered":"<p>[vc_row][vc_column][vc_empty_space height=\u00bb60px\u00bb][\/vc_column][\/vc_row][vc_row][vc_column][vc_column_text]Condiciones de Compra Los precios se encuentran en pesos mexicanos e incluyen I.V.A. Las im\u00e1genes, caracter\u00edsticas, especificaciones y precios son ilustrativos y pueden variar o cambiar sin previo aviso. Los precios publicados en la p\u00e1gina www.landingtours.com.mx\u2002pueden variar. Todos los productos que se ofrecen se encuentran sujetos a disponibilidad y hasta agotar existencias. Inventarios y [&hellip;]<\/p>\n","protected":false},"author":1,"featured_media":10386,"parent":0,"menu_order":0,"comment_status":"closed","ping_status":"closed","template":"template-home-modern.php","meta":{"footnotes":""},"class_list":["post-10383","page","type-page","status-publish","has-post-thumbnail","hentry"],"yoast_head":"<!-- This site is optimized with the Yoast SEO Premium plugin v22.8 (Yoast SEO v27.4) - https:\/\/yoast.com\/product\/yoast-seo-premium-wordpress\/ -->\n<title>T\u00e9rminos y Condiciones - Landing Tours<\/title>\n<meta name=\"robots\" content=\"index, follow, max-snippet:-1, max-image-preview:large, max-video-preview:-1\" \/>\n<link rel=\"canonical\" href=\"https:\/\/landingtours.com.mx\/activities\/terminos-y-condiciones\/\" \/>\n<meta property=\"og:locale\" content=\"es_ES\" \/>\n<meta property=\"og:type\" content=\"article\" \/>\n<meta property=\"og:title\" content=\"T\u00e9rminos y Condiciones\" \/>\n<meta property=\"og:description\" content=\"[vc_row][vc_column][vc_empty_space height=\u00bb60px\u00bb][\/vc_column][\/vc_row][vc_row][vc_column][vc_column_text]Condiciones de Compra Los precios se encuentran en pesos mexicanos e incluyen I.V.A. Las im\u00e1genes, caracter\u00edsticas, especificaciones y precios son ilustrativos y pueden variar o cambiar sin previo aviso. Los precios publicados en la p\u00e1gina www.landingtours.com.mx\u2002pueden variar. Todos los productos que se ofrecen se encuentran sujetos a disponibilidad y hasta agotar existencias. Inventarios y [&hellip;]\" \/>\n<meta property=\"og:url\" content=\"https:\/\/landingtours.com.mx\/activities\/terminos-y-condiciones\/\" \/>\n<meta property=\"og:site_name\" content=\"Landing Tours\" \/>\n<meta property=\"article:publisher\" content=\"https:\/\/facebook.com\/landingtoursmx\" \/>\n<meta property=\"article:modified_time\" content=\"2024-12-10T23:15:45+00:00\" \/>\n<meta property=\"og:image\" content=\"https:\/\/landingtours.com.mx\/activities\/wp-content\/uploads\/2021\/09\/Terminos-y-condiciones-landing-tours-1.png\" \/>\n\t<meta property=\"og:image:width\" content=\"1920\" \/>\n\t<meta property=\"og:image:height\" content=\"400\" \/>\n\t<meta property=\"og:image:type\" content=\"image\/png\" \/>\n<meta name=\"twitter:card\" content=\"summary_large_image\" \/>\n<meta name=\"twitter:site\" content=\"@landingtoursmx\" \/>\n<meta name=\"twitter:label1\" content=\"Tiempo de lectura\" \/>\n\t<meta name=\"twitter:data1\" content=\"3 minutos\" \/>\n<script type=\"application\/ld+json\" class=\"yoast-schema-graph\">{\"@context\":\"https:\\\/\\\/schema.org\",\"@graph\":[{\"@type\":\"WebPage\",\"@id\":\"https:\\\/\\\/landingtours.com.mx\\\/activities\\\/terminos-y-condiciones\\\/\",\"url\":\"https:\\\/\\\/landingtours.com.mx\\\/activities\\\/terminos-y-condiciones\\\/\",\"name\":\"T\u00e9rminos y Condiciones - Landing Tours\",\"isPartOf\":{\"@id\":\"https:\\\/\\\/landingtours.com.mx\\\/activities\\\/#website\"},\"primaryImageOfPage\":{\"@id\":\"https:\\\/\\\/landingtours.com.mx\\\/activities\\\/terminos-y-condiciones\\\/#primaryimage\"},\"image\":{\"@id\":\"https:\\\/\\\/landingtours.com.mx\\\/activities\\\/terminos-y-condiciones\\\/#primaryimage\"},\"thumbnailUrl\":\"https:\\\/\\\/landingtours.com.mx\\\/activities\\\/wp-content\\\/uploads\\\/2021\\\/09\\\/Terminos-y-condiciones-landing-tours-1.png\",\"datePublished\":\"2021-09-15T17:20:11+00:00\",\"dateModified\":\"2024-12-10T23:15:45+00:00\",\"breadcrumb\":{\"@id\":\"https:\\\/\\\/landingtours.com.mx\\\/activities\\\/terminos-y-condiciones\\\/#breadcrumb\"},\"inLanguage\":\"es\",\"potentialAction\":[{\"@type\":\"ReadAction\",\"target\":[\"https:\\\/\\\/landingtours.com.mx\\\/activities\\\/terminos-y-condiciones\\\/\"]}]},{\"@type\":\"ImageObject\",\"inLanguage\":\"es\",\"@id\":\"https:\\\/\\\/landingtours.com.mx\\\/activities\\\/terminos-y-condiciones\\\/#primaryimage\",\"url\":\"https:\\\/\\\/landingtours.com.mx\\\/activities\\\/wp-content\\\/uploads\\\/2021\\\/09\\\/Terminos-y-condiciones-landing-tours-1.png\",\"contentUrl\":\"https:\\\/\\\/landingtours.com.mx\\\/activities\\\/wp-content\\\/uploads\\\/2021\\\/09\\\/Terminos-y-condiciones-landing-tours-1.png\",\"width\":1920,\"height\":400},{\"@type\":\"BreadcrumbList\",\"@id\":\"https:\\\/\\\/landingtours.com.mx\\\/activities\\\/terminos-y-condiciones\\\/#breadcrumb\",\"itemListElement\":[{\"@type\":\"ListItem\",\"position\":1,\"name\":\"Portada\",\"item\":\"https:\\\/\\\/landingtours.com.mx\\\/activities\\\/\"},{\"@type\":\"ListItem\",\"position\":2,\"name\":\"T\u00e9rminos y Condiciones\"}]},{\"@type\":\"WebSite\",\"@id\":\"https:\\\/\\\/landingtours.com.mx\\\/activities\\\/#website\",\"url\":\"https:\\\/\\\/landingtours.com.mx\\\/activities\\\/\",\"name\":\"Landing Tours\",\"description\":\"Agencia de Viajes\",\"publisher\":{\"@id\":\"https:\\\/\\\/landingtours.com.mx\\\/activities\\\/#organization\"},\"potentialAction\":[{\"@type\":\"SearchAction\",\"target\":{\"@type\":\"EntryPoint\",\"urlTemplate\":\"https:\\\/\\\/landingtours.com.mx\\\/activities\\\/?s={search_term_string}\"},\"query-input\":{\"@type\":\"PropertyValueSpecification\",\"valueRequired\":true,\"valueName\":\"search_term_string\"}}],\"inLanguage\":\"es\"},{\"@type\":\"Organization\",\"@id\":\"https:\\\/\\\/landingtours.com.mx\\\/activities\\\/#organization\",\"name\":\"Landing Tours\",\"url\":\"https:\\\/\\\/landingtours.com.mx\\\/activities\\\/\",\"logo\":{\"@type\":\"ImageObject\",\"inLanguage\":\"es\",\"@id\":\"https:\\\/\\\/landingtours.com.mx\\\/activities\\\/#\\\/schema\\\/logo\\\/image\\\/\",\"url\":\"https:\\\/\\\/landingtours.com.mx\\\/activities\\\/wp-content\\\/uploads\\\/2018\\\/12\\\/gf-3.png\",\"contentUrl\":\"https:\\\/\\\/landingtours.com.mx\\\/activities\\\/wp-content\\\/uploads\\\/2018\\\/12\\\/gf-3.png\",\"width\":388,\"height\":358,\"caption\":\"Landing Tours\"},\"image\":{\"@id\":\"https:\\\/\\\/landingtours.com.mx\\\/activities\\\/#\\\/schema\\\/logo\\\/image\\\/\"},\"sameAs\":[\"https:\\\/\\\/facebook.com\\\/landingtoursmx\",\"https:\\\/\\\/x.com\\\/landingtoursmx\",\"https:\\\/\\\/instagram.com\\\/landingtoursmx\",\"https:\\\/\\\/pinteres.com\\\/landingtoursmx\"]}]}<\/script>\n<!-- \/ Yoast SEO Premium plugin. -->","yoast_head_json":{"title":"T\u00e9rminos y Condiciones - Landing Tours","robots":{"index":"index","follow":"follow","max-snippet":"max-snippet:-1","max-image-preview":"max-image-preview:large","max-video-preview":"max-video-preview:-1"},"canonical":"https:\/\/landingtours.com.mx\/activities\/terminos-y-condiciones\/","og_locale":"es_ES","og_type":"article","og_title":"T\u00e9rminos y Condiciones","og_description":"[vc_row][vc_column][vc_empty_space height=\u00bb60px\u00bb][\/vc_column][\/vc_row][vc_row][vc_column][vc_column_text]Condiciones de Compra Los precios se encuentran en pesos mexicanos e incluyen I.V.A. Las im\u00e1genes, caracter\u00edsticas, especificaciones y precios son ilustrativos y pueden variar o cambiar sin previo aviso. Los precios publicados en la p\u00e1gina www.landingtours.com.mx\u2002pueden variar. Todos los productos que se ofrecen se encuentran sujetos a disponibilidad y hasta agotar existencias. Inventarios y [&hellip;]","og_url":"https:\/\/landingtours.com.mx\/activities\/terminos-y-condiciones\/","og_site_name":"Landing Tours","article_publisher":"https:\/\/facebook.com\/landingtoursmx","article_modified_time":"2024-12-10T23:15:45+00:00","og_image":[{"width":1920,"height":400,"url":"https:\/\/landingtours.com.mx\/activities\/wp-content\/uploads\/2021\/09\/Terminos-y-condiciones-landing-tours-1.png","type":"image\/png"}],"twitter_card":"summary_large_image","twitter_site":"@landingtoursmx","twitter_misc":{"Tiempo de lectura":"3 minutos"},"schema":{"@context":"https:\/\/schema.org","@graph":[{"@type":"WebPage","@id":"https:\/\/landingtours.com.mx\/activities\/terminos-y-condiciones\/","url":"https:\/\/landingtours.com.mx\/activities\/terminos-y-condiciones\/","name":"T\u00e9rminos y Condiciones - Landing Tours","isPartOf":{"@id":"https:\/\/landingtours.com.mx\/activities\/#website"},"primaryImageOfPage":{"@id":"https:\/\/landingtours.com.mx\/activities\/terminos-y-condiciones\/#primaryimage"},"image":{"@id":"https:\/\/landingtours.com.mx\/activities\/terminos-y-condiciones\/#primaryimage"},"thumbnailUrl":"https:\/\/landingtours.com.mx\/activities\/wp-content\/uploads\/2021\/09\/Terminos-y-condiciones-landing-tours-1.png","datePublished":"2021-09-15T17:20:11+00:00","dateModified":"2024-12-10T23:15:45+00:00","breadcrumb":{"@id":"https:\/\/landingtours.com.mx\/activities\/terminos-y-condiciones\/#breadcrumb"},"inLanguage":"es","potentialAction":[{"@type":"ReadAction","target":["https:\/\/landingtours.com.mx\/activities\/terminos-y-condiciones\/"]}]},{"@type":"ImageObject","inLanguage":"es","@id":"https:\/\/landingtours.com.mx\/activities\/terminos-y-condiciones\/#primaryimage","url":"https:\/\/landingtours.com.mx\/activities\/wp-content\/uploads\/2021\/09\/Terminos-y-condiciones-landing-tours-1.png","contentUrl":"https:\/\/landingtours.com.mx\/activities\/wp-content\/uploads\/2021\/09\/Terminos-y-condiciones-landing-tours-1.png","width":1920,"height":400},{"@type":"BreadcrumbList","@id":"https:\/\/landingtours.com.mx\/activities\/terminos-y-condiciones\/#breadcrumb","itemListElement":[{"@type":"ListItem","position":1,"name":"Portada","item":"https:\/\/landingtours.com.mx\/activities\/"},{"@type":"ListItem","position":2,"name":"T\u00e9rminos y Condiciones"}]},{"@type":"WebSite","@id":"https:\/\/landingtours.com.mx\/activities\/#website","url":"https:\/\/landingtours.com.mx\/activities\/","name":"Landing Tours","description":"Agencia de Viajes","publisher":{"@id":"https:\/\/landingtours.com.mx\/activities\/#organization"},"potentialAction":[{"@type":"SearchAction","target":{"@type":"EntryPoint","urlTemplate":"https:\/\/landingtours.com.mx\/activities\/?s={search_term_string}"},"query-input":{"@type":"PropertyValueSpecification","valueRequired":true,"valueName":"search_term_string"}}],"inLanguage":"es"},{"@type":"Organization","@id":"https:\/\/landingtours.com.mx\/activities\/#organization","name":"Landing Tours","url":"https:\/\/landingtours.com.mx\/activities\/","logo":{"@type":"ImageObject","inLanguage":"es","@id":"https:\/\/landingtours.com.mx\/activities\/#\/schema\/logo\/image\/","url":"https:\/\/landingtours.com.mx\/activities\/wp-content\/uploads\/2018\/12\/gf-3.png","contentUrl":"https:\/\/landingtours.com.mx\/activities\/wp-content\/uploads\/2018\/12\/gf-3.png","width":388,"height":358,"caption":"Landing Tours"},"image":{"@id":"https:\/\/landingtours.com.mx\/activities\/#\/schema\/logo\/image\/"},"sameAs":["https:\/\/facebook.com\/landingtoursmx","https:\/\/x.com\/landingtoursmx","https:\/\/instagram.com\/landingtoursmx","https:\/\/pinteres.com\/landingtoursmx"]}]}},"_links":{"self":[{"href":"https:\/\/landingtours.com.mx\/activities\/wp-json\/wp\/v2\/pages\/10383","targetHints":{"allow":["GET"]}}],"collection":[{"href":"https:\/\/landingtours.com.mx\/activities\/wp-json\/wp\/v2\/pages"}],"about":[{"href":"https:\/\/landingtours.com.mx\/activities\/wp-json\/wp\/v2\/types\/page"}],"author":[{"embeddable":true,"href":"https:\/\/landingtours.com.mx\/activities\/wp-json\/wp\/v2\/users\/1"}],"replies":[{"embeddable":true,"href":"https:\/\/landingtours.com.mx\/activities\/wp-json\/wp\/v2\/comments?post=10383"}],"version-history":[{"count":0,"href":"https:\/\/landingtours.com.mx\/activities\/wp-json\/wp\/v2\/pages\/10383\/revisions"}],"wp:featuredmedia":[{"embeddable":true,"href":"https:\/\/landingtours.com.mx\/activities\/wp-json\/wp\/v2\/media\/10386"}],"wp:attachment":[{"href":"https:\/\/landingtours.com.mx\/activities\/wp-json\/wp\/v2\/media?parent=10383"}],"curies":[{"name":"wp","href":"https:\/\/api.w.org\/{rel}","templated":true}]}}